{"id":6,"date":"2021-12-17T09:08:41","date_gmt":"2021-12-17T09:08:41","guid":{"rendered":"http:\/\/www.model3d.pl\/?page_id=6"},"modified":"2021-12-19T13:06:13","modified_gmt":"2021-12-19T13:06:13","slug":"model-3d","status":"publish","type":"page","link":"http:\/\/www.model3d.pl\/","title":{"rendered":"model 3d"},"content":{"rendered":"\n<div class=\"wp-block-cover alignfull\" style=\"min-height:700px;aspect-ratio:unset;\"><img decoding=\"async\" class=\"wp-block-cover__image-background\" alt=\"\" src=\"http:\/\/www.model3d.pl\/wp-content\/themes\/neve\/assets\/img\/starter-content\/hero.jpg\" style=\"object-position:50% 64%\" data-object-fit=\"cover\" data-object-position=\"50% 64%\"\/><div class=\"wp-block-cover__inner-container is-layout-flow wp-block-cover-is-layout-flow\">\n<div style=\"height:80px\" aria-hidden=\"true\" class=\"wp-block-spacer\"><\/div>\n\n\n\n<h1 class=\"has-text-align-center has-text-color wp-block-heading\" style=\"color:#121212\">&#8222;Bez ciemno\u015bci <\/h1>\n\n\n\n<h1 class=\"has-text-align-center has-text-color wp-block-heading\" style=\"color:#121212\">nie ma \u015bwiat\u0142a&#8221;<\/h1>\n\n\n\n<p class=\"has-text-align-center has-text-color\" style=\"color:#121212;font-size:17px\">Tworzymy modele 3d w formatach i szczeg\u00f3\u0142owo\u015bci dopasowanej do indywidualnych potrzeb ka\u017cdego inwestora, <\/p>\n\n\n\n<p class=\"has-text-align-center has-text-color\" style=\"color:#121212;font-size:17px\">zgodnie z zam\u00f3wieniem i wcze\u015bniej ustalonymi warunkami wsp\u00f3\u0142pracy.<\/p>\n\n\n\n<div class=\"wp-block-buttons is-content-justification-center is-layout-flex wp-block-buttons-is-layout-flex\">\n<div class=\"wp-block-button is-style-primary\"><a class=\"wp-block-button__link\" href=\"http:\/\/www.model3d.pl\/index.php\/blog\/\">Czytaj wi\u0119cej<\/a><\/div>\n\n\n\n<div class=\"wp-block-button is-style-secondary\"><a class=\"wp-block-button__link\" href=\"http:\/\/www.model3d.pl\/index.php\/portofolio\/\">Zobacz nasze modele<\/a><\/div>\n<\/div>\n\n\n\n<div style=\"height:80px\" aria-hidden=\"true\" class=\"wp-block-spacer\"><\/div>\n\n\n\n<div style=\"height:80px\" aria-hidden=\"true\" class=\"wp-block-spacer\"><\/div>\n<\/div><\/div>\n\n\n\n<div style=\"height:80px\" aria-hidden=\"true\" class=\"wp-block-spacer\"><\/div>\n\n\n\n<div class=\"wp-block-columns is-layout-flex wp-container-core-columns-is-layout-9d6595d7 wp-block-columns-is-layout-flex\">\n<div class=\"wp-block-column is-layout-flow wp-block-column-is-layout-flow\">\n<div class=\"wp-block-image icon-style is-style-default\"><figure class=\"aligncenter is-resized\"><img decoding=\"async\" src=\"http:\/\/www.model3d.pl\/wp-content\/themes\/neve\/assets\/img\/starter-content\/icon-03.svg\" alt=\"\" width=\"48\" height=\"48\"\/><\/figure><\/div>\n\n\n\n<h3 class=\"has-text-align-center has-neve-text-color-color has-text-color wp-block-heading\">Formaty<\/h3>\n\n\n\n<p class=\"has-text-align-center\">Wykonujemy modele w wielu formatach, dopasowanych pod architekt\u00f3w i projektant\u00f3w<\/p>\n\n\n\n<div style=\"height:20px\" aria-hidden=\"true\" class=\"wp-block-spacer\"><\/div>\n\n\n\n<p><\/p>\n<\/div>\n\n\n\n<div class=\"wp-block-column is-layout-flow wp-block-column-is-layout-flow\">\n<div class=\"wp-block-image icon-style is-style-default\"><figure class=\"aligncenter is-resized\"><img decoding=\"async\" src=\"http:\/\/www.model3d.pl\/wp-content\/themes\/neve\/assets\/img\/starter-content\/icon-02.svg\" alt=\"\" width=\"48\" height=\"48\"\/><\/figure><\/div>\n\n\n\n<h3 class=\"has-text-align-center has-neve-text-color-color has-text-color wp-block-heading\">Najwy\u017csza jako\u015b\u0107<\/h3>\n\n\n\n<p class=\"has-text-align-center\">Otrzymujesz modele w takim stopniu szczeg\u00f3\u0142owo\u015bci jaki zam\u00f3wisz<\/p>\n\n\n\n<div style=\"height:20px\" aria-hidden=\"true\" class=\"wp-block-spacer\"><\/div>\n<\/div>\n\n\n\n<div class=\"wp-block-column is-layout-flow wp-block-column-is-layout-flow\">\n<div class=\"wp-block-image icon-style is-style-rounded\"><figure class=\"aligncenter is-resized\"><img decoding=\"async\" src=\"http:\/\/www.model3d.pl\/wp-content\/themes\/neve\/assets\/img\/starter-content\/icon-01.svg\" alt=\"\" width=\"48\" height=\"48\"\/><\/figure><\/div>\n\n\n\n<h3 class=\"has-text-align-center has-neve-text-color-color has-text-color wp-block-heading\">Gwarancja<\/h3>\n\n\n\n<p class=\"has-text-align-center\">Gwarancja dla ka\u017cdego modelu osobno jak i dla ca\u0142ych paczek<\/p>\n\n\n\n<div style=\"height:20px\" aria-hidden=\"true\" class=\"wp-block-spacer\"><\/div>\n<\/div>\n<\/div>\n\n\n\n<div style=\"height:80px\" aria-hidden=\"true\" class=\"wp-block-spacer\"><\/div>\n\n\n\n<div class=\"wp-block-cover alignfull has-nv-light-bg-background-color has-background-dim\" style=\"min-height:600px;aspect-ratio:unset;\"><div class=\"wp-block-cover__inner-container is-layout-flow wp-block-cover-is-layout-flow\">\n<div class=\"wp-block-group\"><div class=\"wp-block-group__inner-container is-layout-flow wp-block-group-is-layout-flow\">\n<div style=\"height:80px\" aria-hidden=\"true\" class=\"wp-block-spacer\"><\/div>\n\n\n\n<div class=\"wp-block-columns are-vertically-aligned-center is-layout-flex wp-container-core-columns-is-layout-9d6595d7 wp-block-columns-is-layout-flex\">\n<div class=\"wp-block-column is-vertically-aligned-center is-layout-flow wp-block-column-is-layout-flow\" style=\"flex-basis:50%\">\n<figure class=\"wp-block-image size-large is-resized\"><img loading=\"lazy\" decoding=\"async\" src=\"http:\/\/www.model3d.pl\/wp-content\/uploads\/2021\/12\/model3d-1024x576.jpg\" alt=\"\" class=\"wp-image-54\" width=\"571\" height=\"321\" srcset=\"http:\/\/www.model3d.pl\/wp-content\/uploads\/2021\/12\/model3d-1024x576.jpg 1024w, http:\/\/www.model3d.pl\/wp-content\/uploads\/2021\/12\/model3d-300x169.jpg 300w, http:\/\/www.model3d.pl\/wp-content\/uploads\/2021\/12\/model3d-768x432.jpg 768w, http:\/\/www.model3d.pl\/wp-content\/uploads\/2021\/12\/model3d-1536x864.jpg 1536w, http:\/\/www.model3d.pl\/wp-content\/uploads\/2021\/12\/model3d.jpg 1920w\" sizes=\"(max-width: 571px) 100vw, 571px\" \/><\/figure>\n<\/div>\n\n\n\n<div class=\"wp-block-column is-vertically-aligned-center is-layout-flow wp-block-column-is-layout-flow\" style=\"flex-basis:50%\">\n<div style=\"height:20px\" aria-hidden=\"true\" class=\"wp-block-spacer\"><\/div>\n\n\n\n<h2 class=\"has-text-align-left has-neve-text-color-color has-text-color wp-block-heading\">Model 3d<\/h2>\n\n\n\n<p class=\"has-drop-cap has-neve-text-color-color has-text-color\">To odwzorowane w wirtualnej rzeczywisto\u015bci obiekty istniej\u0105ce lub obiekty, kt\u00f3re maj\u0105 dopiero sta\u0107 si\u0119 rzeczywisto\u015bci\u0105. Mo\u017cna je podzieli\u0107 na wiele kategorii zgodnie z ich przeznaczeniem czy bran\u017c\u0105. Tak samo jak rodzaj\u00f3w modeli, tak samo program\u00f3w w kt\u00f3rych si\u0119 je tworzy jest du\u017co. Nale\u017cy pami\u0119ta\u0107 i\u017c wiele format\u00f3w mimo \u017ce maj\u0105 to samo rozszerzenie, to je\u015bli wywodz\u0105 si\u0119 one z r\u00f3\u017cnych program\u00f3w, b\u0119d\u0105 one mia\u0142y inn\u0105 budow\u0119 kodu, a wi\u0119c nigdy nie b\u0119d\u0105 takie same.<\/p>\n\n\n\n<p class=\"has-nv-dark-bg-color has-text-color\">Rozpoczynaj\u0105c podzia\u0142, modele mog\u0105 by\u0107&nbsp;<strong>lowpoly<\/strong>&nbsp;i&nbsp;<strong>highpoly<\/strong>&nbsp;\u2013 jest to generalnie ich z\u0142o\u017cono\u015b\u0107 oraz ci\u0119\u017car. B\u0119d\u0105c bardziej precyzyjnym, jedne od drugich r\u00f3\u017cni\u0105 si\u0119 ilo\u015bci\u0105 p\u0142aszczyzn z kt\u00f3rych si\u0119 sk\u0142adaj\u0105. W zale\u017cno\u015bci od przeznaczenia modelu nale\u017cy zaplanowa\u0107 jego z\u0142o\u017cono\u015b\u0107 i struktur\u0119.<\/p>\n<\/div>\n<\/div>\n\n\n\n<div style=\"height:40px\" aria-hidden=\"true\" class=\"wp-block-spacer\"><\/div>\n<\/div><\/div>\n<\/div><\/div>\n\n\n\n<div class=\"wp-block-cover alignfull has-nv-site-bg-background-color has-background-dim\" style=\"min-height:600px;aspect-ratio:unset;\"><div class=\"wp-block-cover__inner-container is-layout-flow wp-block-cover-is-layout-flow\">\n<div class=\"wp-block-group\"><div class=\"wp-block-group__inner-container is-layout-flow wp-block-group-is-layout-flow\">\n<div style=\"height:80px\" aria-hidden=\"true\" class=\"wp-block-spacer\"><\/div>\n\n\n\n<div class=\"wp-block-columns are-vertically-aligned-center is-layout-flex wp-container-core-columns-is-layout-9d6595d7 wp-block-columns-is-layout-flex\">\n<div class=\"wp-block-column is-vertically-aligned-center is-layout-flow wp-block-column-is-layout-flow\" style=\"flex-basis:50%\">\n<h2 class=\"has-text-align-left has-neve-text-color-color has-text-color wp-block-heading\">Branding \/rodzaj<\/h2>\n\n\n\n<p class=\"has-nv-dark-bg-color has-text-color\">Wykonujemy modele 3d z przeznaczeniem\/ we make model for:<\/p>\n\n\n\n<ul class=\"has-neve-text-color-color has-text-color wp-block-list\"><li>Modele dla architekt\u00f3w \/models for architects<\/li><li>Wizualizacja \/ rendering<\/li><li>Druk 3d \/ 3d printing<\/li><\/ul>\n\n\n\n<p><\/p>\n\n\n\n<p class=\"has-neve-link-color-color has-text-color\"><strong>Bran\u017ce modeli\/ model industry<\/strong><br><\/p>\n\n\n\n<ul class=\"has-neve-link-color-color has-text-color wp-block-list\"><li>Lampy \u2013 o\u015bwietlenie \/ lamps<\/li><li>architektoniczne \/architectural<\/li><li>meble \/ furniture<\/li><li>produtky \/ products models<\/li><li>rze\u017aby \/sculpting<\/li><\/ul>\n\n\n\n<p class=\"has-text-align-left has-neve-text-color-color has-text-color\" style=\"font-size:17px\">Masz pytania? Skontaktuj si\u0119 z nami. \/ If You have any questions, just contact us<\/p>\n\n\n\n<div style=\"height:40px\" aria-hidden=\"true\" class=\"wp-block-spacer\"><\/div>\n<\/div>\n\n\n\n<div class=\"wp-block-column is-vertically-aligned-center is-layout-flow wp-block-column-is-layout-flow\" style=\"flex-basis:50%\">\n<figure class=\"wp-block-image size-large\"><img loading=\"lazy\" decoding=\"async\" width=\"683\" height=\"1024\" src=\"http:\/\/www.model3d.pl\/wp-content\/uploads\/2021\/12\/pexels-josh-hild-3394633-683x1024.jpg\" alt=\"\" class=\"wp-image-56\" srcset=\"http:\/\/www.model3d.pl\/wp-content\/uploads\/2021\/12\/pexels-josh-hild-3394633-683x1024.jpg 683w, http:\/\/www.model3d.pl\/wp-content\/uploads\/2021\/12\/pexels-josh-hild-3394633-200x300.jpg 200w, http:\/\/www.model3d.pl\/wp-content\/uploads\/2021\/12\/pexels-josh-hild-3394633-768x1151.jpg 768w, http:\/\/www.model3d.pl\/wp-content\/uploads\/2021\/12\/pexels-josh-hild-3394633-1025x1536.jpg 1025w, http:\/\/www.model3d.pl\/wp-content\/uploads\/2021\/12\/pexels-josh-hild-3394633.jpg 1280w\" sizes=\"(max-width: 683px) 100vw, 683px\" \/><\/figure>\n<\/div>\n<\/div>\n\n\n\n<div style=\"height:40px\" aria-hidden=\"true\" class=\"wp-block-spacer\"><\/div>\n<\/div><\/div>\n<\/div><\/div>\n\n\n\n<div class=\"wp-block-cover alignfull has-nv-dark-bg-background-color has-background-dim\" style=\"min-height:600px;aspect-ratio:unset;\"><div class=\"wp-block-cover__inner-container is-layout-flow wp-block-cover-is-layout-flow\">\n<div class=\"wp-block-group\"><div class=\"wp-block-group__inner-container is-layout-flow wp-block-group-is-layout-flow\">\n<div style=\"height:80px\" aria-hidden=\"true\" class=\"wp-block-spacer\"><\/div>\n\n\n\n<div class=\"wp-block-columns are-vertically-aligned-center is-layout-flex wp-container-core-columns-is-layout-9d6595d7 wp-block-columns-is-layout-flex\">\n<div class=\"wp-block-column is-vertically-aligned-center is-layout-flow wp-block-column-is-layout-flow\" style=\"flex-basis:50%\">\n<figure class=\"wp-block-image size-large\"><img loading=\"lazy\" decoding=\"async\" width=\"768\" height=\"1024\" src=\"http:\/\/www.model3d.pl\/wp-content\/uploads\/2021\/12\/pexels-oleg-magni-1005644-768x1024.jpg\" alt=\"\" class=\"wp-image-47\" srcset=\"http:\/\/www.model3d.pl\/wp-content\/uploads\/2021\/12\/pexels-oleg-magni-1005644-768x1024.jpg 768w, http:\/\/www.model3d.pl\/wp-content\/uploads\/2021\/12\/pexels-oleg-magni-1005644-225x300.jpg 225w, http:\/\/www.model3d.pl\/wp-content\/uploads\/2021\/12\/pexels-oleg-magni-1005644-1152x1536.jpg 1152w, http:\/\/www.model3d.pl\/wp-content\/uploads\/2021\/12\/pexels-oleg-magni-1005644.jpg 1280w\" sizes=\"(max-width: 768px) 100vw, 768px\" \/><\/figure>\n<\/div>\n\n\n\n<div class=\"wp-block-column is-vertically-aligned-center is-layout-flow wp-block-column-is-layout-flow\" style=\"flex-basis:50%\">\n<div style=\"height:40px\" aria-hidden=\"true\" class=\"wp-block-spacer\"><\/div>\n\n\n\n<h2 class=\"has-text-align-left has-nv-text-dark-bg-color has-text-color wp-block-heading\">Formaty kt\u00f3re wykonujemy <\/h2>\n\n\n\n<p class=\"has-text-align-left has-nv-text-dark-bg-color has-text-color\" style=\"font-size:17px\">Formats that we make for You<\/p>\n\n\n\n<ul class=\"wp-block-list\"><li>pla &#8211; plik archicad  \/archicad file &#8211; i.e. buildings<\/li><li>ifc&nbsp; -exchange data model (bim)<\/li><li>.<strong>Blend<\/strong>&nbsp; -plik blendera \/blender file<\/li><li>dxf 3d \u2013 pliki dxf w 3d \/3d dxf file<\/li><li>dwg 3d -pliki dwg w 3d \/dwg file in 3d<\/li><li><strong>3ds&nbsp;<\/strong> -plik wymiany 3dstudio max \/ exchange 3ds max model<\/li><li>Obj -plik Lightfront \/ lightfront model<\/li><li>Collada -plik akceptowalny zar\u00f3wno przez blendera jak i sketchupa \/file accepted in blender as well as in Sketchup<\/li><li>Stl<strong> &nbsp;<\/strong>modele do druku 3d oraz pod frezarki wieloosiowe \/3d printable and multi-axis milling machine<\/li><li><strong>Fbx <\/strong>\u2013 uniweralny&nbsp; format pliku \/universal file format<\/li><li>gsm -plik obiektu archicad \/archicad simple file<\/li><li>Lcf\u2013 biblioteka Archicad wraz z grafikami \/archicad library file<\/li><li><strong>STEP i IGES<\/strong> &#8211; pliki produkcyjne&nbsp;<strong> <\/strong> \/production files<\/li><\/ul>\n<\/div>\n<\/div>\n\n\n\n<div style=\"height:40px\" aria-hidden=\"true\" class=\"wp-block-spacer\"><\/div>\n<\/div><\/div>\n<\/div><\/div>\n\n\n\n<div style=\"height:40px\" aria-hidden=\"true\" class=\"wp-block-spacer\"><\/div>\n\n\n\n<div class=\"wp-block-cover alignfull has-nv-dark-bg-background-color has-background-dim\" style=\"min-height:300px;aspect-ratio:unset;\"><div class=\"wp-block-cover__inner-container is-layout-flow wp-block-cover-is-layout-flow\">\n<div style=\"height:140px\" aria-hidden=\"true\" class=\"wp-block-spacer\"><\/div>\n\n\n\n<h2 class=\"has-text-align-center has-nv-text-dark-bg-color has-text-color wp-block-heading\">Let\u2019s work together on your <br>next project<\/h2>\n\n\n\n<p class=\"has-text-align-center has-medium-font-size\">Popracujmy razem nad kolejnym wspania\u0142ym modelem, bibliotek\u0105 &#8211; wyzwaniem<\/p>\n\n\n\n<div class=\"wp-block-buttons is-content-justification-center is-layout-flex wp-block-buttons-is-layout-flex\">\n<div class=\"wp-block-button is-style-primary\"><a class=\"wp-block-button__link\" href=\"http:\/\/www.model3d.pl\/index.php\/contact\/\">Contact us<\/a><\/div>\n<\/div>\n\n\n\n<div style=\"height:140px\" aria-hidden=\"true\" class=\"wp-block-spacer\"><\/div>\n<\/div><\/div>\n","protected":false},"excerpt":{"rendered":"<p>Formaty Wykonujemy modele w wielu formatach, dopasowanych pod architekt\u00f3w i projektant\u00f3w Najwy\u017csza jako\u015b\u0107 Otrzymujesz modele w takim stopniu szczeg\u00f3\u0142owo\u015bci jaki zam\u00f3wisz Gwarancja Gwarancja dla ka\u017cdego modelu osobno jak i dla ca\u0142ych paczek<\/p>\n","protected":false},"author":1,"featured_media":0,"parent":0,"menu_order":0,"comment_status":"closed","ping_status":"closed","template":"","meta":{"neve_meta_sidebar":"","neve_meta_container":"","neve_meta_enable_content_width":"on","neve_meta_content_width":100,"neve_meta_title_alignment":"","neve_meta_author_avatar":"","neve_post_elements_order":"","neve_meta_disable_header":"","neve_meta_disable_footer":"","neve_meta_disable_title":"on","footnotes":""},"class_list":["post-6","page","type-page","status-publish","hentry"],"_links":{"self":[{"href":"http:\/\/www.model3d.pl\/index.php\/wp-json\/wp\/v2\/pages\/6","targetHints":{"allow":["GET"]}}],"collection":[{"href":"http:\/\/www.model3d.pl\/index.php\/wp-json\/wp\/v2\/pages"}],"about":[{"href":"http:\/\/www.model3d.pl\/index.php\/wp-json\/wp\/v2\/types\/page"}],"author":[{"embeddable":true,"href":"http:\/\/www.model3d.pl\/index.php\/wp-json\/wp\/v2\/users\/1"}],"replies":[{"embeddable":true,"href":"http:\/\/www.model3d.pl\/index.php\/wp-json\/wp\/v2\/comments?post=6"}],"version-history":[{"count":7,"href":"http:\/\/www.model3d.pl\/index.php\/wp-json\/wp\/v2\/pages\/6\/revisions"}],"predecessor-version":[{"id":59,"href":"http:\/\/www.model3d.pl\/index.php\/wp-json\/wp\/v2\/pages\/6\/revisions\/59"}],"wp:attachment":[{"href":"http:\/\/www.model3d.pl\/index.php\/wp-json\/wp\/v2\/media?parent=6"}],"curies":[{"name":"wp","href":"https:\/\/api.w.org\/{rel}","templated":true}]}}